{"id":14256,"date":"2026-01-01T00:01:00","date_gmt":"2025-12-31T22:01:00","guid":{"rendered":"https:\/\/www.himbarsum.com\/wp\/?page_id=14256"},"modified":"2026-02-11T19:49:27","modified_gmt":"2026-02-11T17:49:27","slug":"neuigkeiten","status":"publish","type":"page","link":"https:\/\/www.himbarsum.com\/wp\/neuigkeiten\/","title":{"rendered":"Neuigkeiten"},"content":{"rendered":"\n<main class=\"wp-block-group is-layout-flow wp-container-core-group-is-layout-bb1e360e wp-block-group-is-layout-flow\" style=\"margin-top:0;margin-bottom:0;padding-top:0;padding-right:0;padding-bottom:0;padding-left:0\">\n<div class=\"wp-block-group is-layout-constrained wp-container-core-group-is-layout-8a337af4 wp-block-group-is-layout-constrained\" style=\"margin-top:0;margin-bottom:0;padding-bottom:var(--wp--preset--spacing--80)\">\n<div class=\"wp-block-query alignwide is-layout-flow wp-block-query-is-layout-flow\"><ul style=\"border-radius:16px;\" class=\"columns-1 wp-block-post-template is-layout-grid wp-container-core-post-template-is-layout-626d27ed wp-block-post-template-is-layout-grid\"><li class=\"wp-block-post post-14218 post type-post status-publish format-standard hentry category-news\">\n\n<div class=\"wp-block-group is-layout-constrained wp-container-core-group-is-layout-19e250f3 wp-block-group-is-layout-constrained\" style=\"border-radius:16px\">\n<div class=\"wp-block-group has-ti-bg-background-color has-background is-layout-constrained wp-container-core-group-is-layout-0a37913d wp-block-group-is-layout-constrained\" style=\"border-style:none;border-width:0px;border-top-left-radius:16px;border-top-right-radius:16px;border-bottom-left-radius:16px;border-bottom-right-radius:16px;padding-top:var(--wp--preset--spacing--40);padding-right:var(--wp--preset--spacing--40);padding-bottom:var(--wp--preset--spacing--40);padding-left:var(--wp--preset--spacing--40)\"><div style=\"text-transform:none;\" class=\"wp-block-post-date has-small-font-size\"><time datetime=\"2025-11-15T17:00:55+02:00\">15. November 2025<\/time><\/div>\n\n<h3 class=\"wp-block-post-title\"><a href=\"https:\/\/www.himbarsum.com\/wp\/himbarsum-2026-anmeldung\/\" target=\"_self\" >Himbarsum 2026 &#8211; Anmeldung<\/a><\/h3>\n\n<div class=\"entry-content wp-block-post-content is-layout-flow wp-block-post-content-is-layout-flow\"><p>Die Anmeldung zur Ferienfreizeit 2026 ist zum ersten Mal auch online verf\u00fcgbar. \u00dcber den nachfolgenden Link kommt ihr direkt zum Anmeldeformular.<\/p>\n<p><a href=\"https:\/\/www.himbarsum.com\/wp\/anmeldung-ausserhalb\/\">Hier geht&#8217;s zur Anmeldung<\/a><\/p>\n<p>Sollten noch Fragen bestehen, kontaktiert uns gerne \u00fcber die Homepage.<\/p>\n<p>Wir freuen uns auf zahlreiche Anmeldungen,<\/p>\n<p>eure Amel\u00e4nder Runde<\/p>\n<\/div><\/div>\n<\/div>\n\n<\/li><li class=\"wp-block-post post-14205 post type-post status-publish format-standard hentry category-news\">\n\n<div class=\"wp-block-group is-layout-constrained wp-container-core-group-is-layout-19e250f3 wp-block-group-is-layout-constrained\" style=\"border-radius:16px\">\n<div class=\"wp-block-group has-ti-bg-background-color has-background is-layout-constrained wp-container-core-group-is-layout-0a37913d wp-block-group-is-layout-constrained\" style=\"border-style:none;border-width:0px;border-top-left-radius:16px;border-top-right-radius:16px;border-bottom-left-radius:16px;border-bottom-right-radius:16px;padding-top:var(--wp--preset--spacing--40);padding-right:var(--wp--preset--spacing--40);padding-bottom:var(--wp--preset--spacing--40);padding-left:var(--wp--preset--spacing--40)\"><div style=\"text-transform:none;\" class=\"wp-block-post-date has-small-font-size\"><time datetime=\"2025-10-15T12:00:01+02:00\">15. Oktober 2025<\/time><\/div>\n\n<h3 class=\"wp-block-post-title\"><a href=\"https:\/\/www.himbarsum.com\/wp\/himbarsum-2025-nachtreffen\/\" target=\"_self\" >Himbarsum 2025 &#8211; Nachtreffen<\/a><\/h3>\n\n<div class=\"entry-content wp-block-post-content is-layout-flow wp-block-post-content-is-layout-flow\"><p>Im Sommer haben die Nachwuchsagenten das R\u00e4tsel um das Chaos auf Ameland bereits erfolgreich gel\u00f6st, doch &#8222;Himbarsum 2025&#8220; ist noch nicht ganz beendet. Wir m\u00f6chten, wie jedes Jahr, bei unserem Nachtreffen die Zeit auf der Insel noch einmal Revue passieren lassen. Dabei pr\u00e4sentieren wir auch den neuen Amelandfilm, sowie viele Inselfotos!<\/p>\n<p>Das <strong>Nachtreffen<\/strong> findet am <strong>15.11.2025 von 16:00 bis 20:00 Uhr<\/strong> in der <strong>Aula der Grundschule Ochtersum<\/strong> statt. Dies ist nicht nur eine tolle Gelegenheit die Teilnehmer dieses Jahres noch einmal wiederzusehen, vielleicht haben auch Geschwister und Freunde Lust, n\u00e4chstes Jahr mitzufahren und k\u00f6nnen so bereits einen Eindruck bekommen, was &#8222;Himbarsum&#8220; eigentlich ist.<\/p>\n<p>Die <strong>Himbarsum-MultiMedia-Box<\/strong> (DVDs mit dem Amelandfilm und allen Fotos) kann beim Nachtreffen auch f\u00fcr nur 10,00\u20ac erworben werden.<\/p>\n<p>Wir freuen uns, euch beim Nachtreffen wiederzusehen!<\/p>\n<\/div><\/div>\n<\/div>\n\n<\/li><li class=\"wp-block-post post-14203 post type-post status-publish format-standard hentry category-news\">\n\n<div class=\"wp-block-group is-layout-constrained wp-container-core-group-is-layout-19e250f3 wp-block-group-is-layout-constrained\" style=\"border-radius:16px\">\n<div class=\"wp-block-group has-ti-bg-background-color has-background is-layout-constrained wp-container-core-group-is-layout-0a37913d wp-block-group-is-layout-constrained\" style=\"border-style:none;border-width:0px;border-top-left-radius:16px;border-top-right-radius:16px;border-bottom-left-radius:16px;border-bottom-right-radius:16px;padding-top:var(--wp--preset--spacing--40);padding-right:var(--wp--preset--spacing--40);padding-bottom:var(--wp--preset--spacing--40);padding-left:var(--wp--preset--spacing--40)\"><div style=\"text-transform:none;\" class=\"wp-block-post-date has-small-font-size\"><time datetime=\"2025-10-01T10:00:51+02:00\">1. Oktober 2025<\/time><\/div>\n\n<h3 class=\"wp-block-post-title\"><a href=\"https:\/\/www.himbarsum.com\/wp\/himbarsum-2026-wir-suchen-dich\/\" target=\"_self\" >Himbarsum 2026 &#8211; Wir suchen Dich!<\/a><\/h3>\n\n<div class=\"entry-content wp-block-post-content is-layout-flow wp-block-post-content-is-layout-flow\"><p><strong>Hallo liebe Himbarsum Fans,<\/strong><\/p>\n<p>Nach der Freizeit ist vor der Freizeit und deshalb blicken wir auch schon auf das n\u00e4chste Jahr. Denn der Sommer 2026 soll wieder einmal im Zeichen einzigartiger Gemeinschaft stehen. Vom <strong>11.07-25.07.2026<\/strong> m\u00f6chten wir den teilnehmenden Kindern wieder einmal 14 traumhafte Tage mit einem einzigartigen Programm auf unserer Lieblingsinsel bieten. Daf\u00fcr suchen wir offene, kommunikative und kreative <strong>Gruppenleiter<\/strong>, die sowohl im Team als auch alleine unsere<br \/>\naufwendige Freizeit mitgestalten m\u00f6chten.<\/p>\n<p>Was solltest Du als Gruppenleiter mitbringen?<\/p>\n<ul>\n<li><strong>Motivation<\/strong>, den \u00fcber teilnehmenden Kindern unvergessliche Tage auf Ameland zu bereiten<\/li>\n<li><strong>Teamf\u00e4higkeit<\/strong> und <strong>Zuverl\u00e4ssigkeit<\/strong> als unerl\u00e4ssliche Voraussetzung f\u00fcr die Zusammenarbeit w\u00e4hrend der Vorbereitungen und auf der Insel<\/li>\n<li><strong>Spa\u00df<\/strong> an der Arbeit mit Kindern und Jugendlichen<\/li>\n<li><strong>Kreativit\u00e4t<\/strong> und <strong>Zeit<\/strong> f\u00fcr die aktive Vorbereitung der Freizeit ab dem Fr\u00fchjahr 2026<\/li>\n<li>Du musst mindestens <strong>17 Jahre<\/strong> alt sein und einen <strong>Gruppenleiterkurs<\/strong> besucht haben<\/li>\n<li>Einen g\u00fcltigen <strong>Erste-Hilfe-Kurs<\/strong>, eine <strong>Pr\u00e4ventionsschulung des Bistums<\/strong> sowie ein <strong>erweitertes <\/strong><strong>polizeiliches F\u00fchrungszeugnis<\/strong> (Beantragung erfolgt kostenfrei \u00fcber die Gemeinde)<\/li>\n<\/ul>\n<p>Du erf\u00fcllst die Kriterien und m\u00f6chtest Himbarsum-Gruppenleiter werden?<br \/>\n<strong>Ausgezeichnet! Dann brauchen wir Dich im Gruppenleiter-Team 2026<\/strong><\/p>\n<p>Wenn Du gerne dabei sein m\u00f6chtest, schreib uns einfach eine E-Mail an <a href=\"mailto:ar@himbarsum.com\">ar@himbarsum.com<\/a>. Wir erwarten kein langes Bewerbungsschreiben, aber dennoch ein paar aussagekr\u00e4ftige Zeilen. Gerade wenn Du noch nie im Himbarsum Team dabei warst, solltest Du uns etwas \u00fcber Dich erz\u00e4hlen: Welche praktischen <strong>Erfahrungen<\/strong> im Bereich der Kinder- und Jugendarbeit bringst Du mit? Welche <strong>Kurse<\/strong> (POK, GLK&#8230;) hast Du schon besucht? Welche <strong>Talente<\/strong> und\/oder neue <strong>Ideen<\/strong> kannst Du einbringen? Aber auch erfahrene Gruppenleiter k\u00f6nnen und sollten uns mit Ideen und ihrer Bewerbung \u00fcberzeugen. Zudem ben\u00f6tigen wir von jedem Bewerber die aktuellen <strong>Kontaktdaten<\/strong> (E-Mail, Adresse, Handy- und Festnetznummer).<br \/>\n<strong>Einsendeschluss f\u00fcr Deine Bewerbung ist der 14.11.2025.<\/strong><br \/>\nWir senden Dir eine Best\u00e4tigungsmail, sobald Deine Bewerbung bei uns eingegangen ist. Sp\u00e4testens Ende November bekommst Du dann eine R\u00fcckmeldung, ob Du im Team f\u00fcr die Freizeit 2026 dabei bist.<\/p>\n<p><strong>\u00c4gons 2026<\/strong><\/p>\n<p>Du bist im n\u00e4chsten Sommer erst 16 Jahre alt, m\u00f6chtest aber trotzdem im Himbarsum-Team 2026 dabei sein? Du konntest im vergangenen Jahr deine Chance, in das Gruppenleiter-Team hinein zu schnuppern, nicht nutzen?<\/p>\n<p>Kein Problem, denn auch im n\u00e4chsten Jahr werden wir eine <strong>\u00c4GON-Gruppe<\/strong> einrichten. Diese bietet allen 16j\u00e4hrigen die Chance, als \u201ePraktikant\/in\u201c einen Einblick in das Gruppenleiterleben auf Ameland zu bekommen. Hier noch einige kurze Informationen zu dieser Gruppe:<\/p>\n<ul>\n<li>Ihr seid einzelnen Kindergruppen zugeordnet und unterst\u00fctzt die jeweiligen Gruppenleiter<\/li>\n<li>Eure \u201ePosition\u201c liegt zwischen den Gruppenkindern und Gruppenleitern<\/li>\n<li>Ihr nehmt am Tagesprogramm teil<\/li>\n<li>Ihr plant Lageraktivit\u00e4ten eigenst\u00e4ndig<\/li>\n<li>Ihr bezahlt einen verg\u00fcnstigten Reisepreis<\/li>\n<li>Ihr ben\u00f6tigt einen POK oder Jugendleiterkurs, einen Erste-Hilfe-Kurs und zwingend die Pr\u00e4ventionsschulung des Bistums<\/li>\n<\/ul>\n<p>Du bist dir noch unsicher oder hast Fragen zu den Aufgaben, zum Ablauf oder m\u00f6chtest dich noch einmal \u00fcberzeugen lassen? Dann schreib auch gerne ein E-Mail an <a href=\"mailto:ar@himbarsum.com\">ar@himbarsum.com<\/a> und wir kl\u00e4ren deine Fragen.<\/p>\n<p>Wir freuen uns auf eine spannende und ideenreiche Vorbereitung sowie eine unvergessliche Freizeit 2026 mit Euch!<\/p>\n<p><strong>Eure Amel\u00e4nder Runde \ud83d\ude0a<br \/>\n<\/strong><\/p>\n<\/div><\/div>\n<\/div>\n\n<\/li><li class=\"wp-block-post post-14199 post type-post status-publish format-standard hentry category-news\">\n\n<div class=\"wp-block-group is-layout-constrained wp-container-core-group-is-layout-19e250f3 wp-block-group-is-layout-constrained\" style=\"border-radius:16px\">\n<div class=\"wp-block-group has-ti-bg-background-color has-background is-layout-constrained wp-container-core-group-is-layout-0a37913d wp-block-group-is-layout-constrained\" style=\"border-style:none;border-width:0px;border-top-left-radius:16px;border-top-right-radius:16px;border-bottom-left-radius:16px;border-bottom-right-radius:16px;padding-top:var(--wp--preset--spacing--40);padding-right:var(--wp--preset--spacing--40);padding-bottom:var(--wp--preset--spacing--40);padding-left:var(--wp--preset--spacing--40)\"><div style=\"text-transform:none;\" class=\"wp-block-post-date has-small-font-size\"><time datetime=\"2025-08-03T19:30:50+02:00\">3. August 2025<\/time><\/div>\n\n<h3 class=\"wp-block-post-title\"><a href=\"https:\/\/www.himbarsum.com\/wp\/himbarsum-2026-save-the-date\/\" target=\"_self\" >Himbarsum 2026 &#8211; Save the date!<\/a><\/h3>\n\n<div class=\"entry-content wp-block-post-content is-layout-flow wp-block-post-content-is-layout-flow\"><p><a href=\"https:\/\/www.himbarsum.com\/wp\/wp-content\/gallery\/upload\/2025\/08\/Himbarsum_2025_Save_the_date.jpg\"><img loading=\"lazy\" decoding=\"async\" class=\"size-large wp-image-14200 aligncenter\" src=\"https:\/\/www.himbarsum.com\/wp\/wp-content\/gallery\/upload\/2025\/08\/Himbarsum_2025_Save_the_date-1024x682.jpg\" alt=\"\" width=\"1024\" height=\"682\" srcset=\"https:\/\/www.himbarsum.com\/wp\/wp-content\/gallery\/upload\/2025\/08\/Himbarsum_2025_Save_the_date-1024x682.jpg 1024w, https:\/\/www.himbarsum.com\/wp\/wp-content\/gallery\/upload\/2025\/08\/Himbarsum_2025_Save_the_date-300x200.jpg 300w, https:\/\/www.himbarsum.com\/wp\/wp-content\/gallery\/upload\/2025\/08\/Himbarsum_2025_Save_the_date-768x512.jpg 768w, https:\/\/www.himbarsum.com\/wp\/wp-content\/gallery\/upload\/2025\/08\/Himbarsum_2025_Save_the_date-1536x1023.jpg 1536w, https:\/\/www.himbarsum.com\/wp\/wp-content\/gallery\/upload\/2025\/08\/Himbarsum_2025_Save_the_date.jpg 1600w\" sizes=\"auto, (max-width: 1024px) 100vw, 1024px\" \/><\/a><\/p>\n<\/div><\/div>\n<\/div>\n\n<\/li><li class=\"wp-block-post post-14172 post type-post status-publish format-standard hentry category-news\">\n\n<div class=\"wp-block-group is-layout-constrained wp-container-core-group-is-layout-19e250f3 wp-block-group-is-layout-constrained\" style=\"border-radius:16px\">\n<div class=\"wp-block-group has-ti-bg-background-color has-background is-layout-constrained wp-container-core-group-is-layout-0a37913d wp-block-group-is-layout-constrained\" style=\"border-style:none;border-width:0px;border-top-left-radius:16px;border-top-right-radius:16px;border-bottom-left-radius:16px;border-bottom-right-radius:16px;padding-top:var(--wp--preset--spacing--40);padding-right:var(--wp--preset--spacing--40);padding-bottom:var(--wp--preset--spacing--40);padding-left:var(--wp--preset--spacing--40)\"><div style=\"text-transform:none;\" class=\"wp-block-post-date has-small-font-size\"><time datetime=\"2025-07-26T14:16:48+02:00\">26. Juli 2025<\/time><\/div>\n\n<h3 class=\"wp-block-post-title\"><a href=\"https:\/\/www.himbarsum.com\/wp\/himbarsum-2025-update-rueckfahrt\/\" target=\"_self\" >Himbarsum 2025 &#8211; Update R\u00fcckfahrt<\/a><\/h3>\n\n<div class=\"entry-content wp-block-post-content is-layout-flow wp-block-post-content-is-layout-flow\"><p>Die 14 Tage sind wie im Fluge vergangen und heute geht es schon wieder zur\u00fcck in die Heimat.<\/p>\n<p>Gegen 12:30 Uhr startet der Bus am Anleger in Holwerd und wird dann <strong>etwa um 18:30 Uhr<\/strong> in Ochtersum an der Grundschule (Abfahrtsort) ankommen.<\/p>\n<p>Die Schlafs\u00e4cke k\u00f6nnen anschlie\u00dfend im Pfarrheim St. Altfrid abgeholt werden.<\/p>\n<p>Updates \u00fcber die Ankunftszeiten werden wir hier und auf unseren Social Media-Accounts (<a href=\"https:\/\/www.instagram.com\/himbarsum_ferienfreizeit\/\">@himbarsum_ferienfreizeit<\/a>) ver\u00f6ffentlichen.<\/p>\n<\/div><\/div>\n<\/div>\n\n<\/li><\/ul>\n\n\n<div class=\"wp-block-group alignwide is-layout-flow wp-block-group-is-layout-flow\" style=\"margin-top:64px;margin-bottom:64px\"><nav class=\"wp-block-query-pagination has-text-color has-ti-fg-color is-content-justification-space-between is-layout-flex wp-container-core-query-pagination-is-layout-b2891da8 wp-block-query-pagination-is-layout-flex\" aria-label=\"Seitennummerierung\">\n\n\n<div class=\"wp-block-query-pagination-numbers\"><span aria-current=\"page\" class=\"page-numbers current\">1<\/span>\n<a class=\"page-numbers\" href=\"?query-1-page=2\">2<\/a>\n<a class=\"page-numbers\" href=\"?query-1-page=3\">3<\/a>\n<span class=\"page-numbers dots\">&hellip;<\/span>\n<a class=\"page-numbers\" href=\"?query-1-page=17\">17<\/a><\/div>\n\n<a href=\"\/wp\/wp-json\/wp\/v2\/pages\/14256?query-1-page=2\" class=\"wp-block-query-pagination-next\">N\u00e4chste Seite<\/a>\n<\/nav><\/div>\n\n\n<\/div>\n<\/div>\n<\/main>\n","protected":false},"excerpt":{"rendered":"","protected":false},"author":1,"featured_media":0,"parent":0,"menu_order":0,"comment_status":"closed","ping_status":"closed","template":"","meta":{"_eb_attr":"","ngg_post_thumbnail":0,"_EventAllDay":false,"_EventTimezone":"","_EventStartDate":"","_EventEndDate":"","_EventStartDateUTC":"","_EventEndDateUTC":"","_EventShowMap":false,"_EventShowMapLink":false,"_EventURL":"","_EventCost":"","_EventCostDescription":"","_EventCurrencySymbol":"","_EventCurrencyCode":"","_EventCurrencyPosition":"","_EventDateTimeSeparator":"","_EventTimeRangeSeparator":"","_EventOrganizerID":[],"_EventVenueID":[],"_OrganizerEmail":"","_OrganizerPhone":"","_OrganizerWebsite":"","_VenueAddress":"","_VenueCity":"","_VenueCountry":"","_VenueProvince":"","_VenueState":"","_VenueZip":"","_VenuePhone":"","_VenueURL":"","_VenueStateProvince":"","_VenueLat":"","_VenueLng":"","_VenueShowMap":false,"_VenueShowMapLink":false,"footnotes":""},"class_list":["post-14256","page","type-page","status-publish","hentry"],"_links":{"self":[{"href":"https:\/\/www.himbarsum.com\/wp\/wp-json\/wp\/v2\/pages\/14256","targetHints":{"allow":["GET"]}}],"collection":[{"href":"https:\/\/www.himbarsum.com\/wp\/wp-json\/wp\/v2\/pages"}],"about":[{"href":"https:\/\/www.himbarsum.com\/wp\/wp-json\/wp\/v2\/types\/page"}],"author":[{"embeddable":true,"href":"https:\/\/www.himbarsum.com\/wp\/wp-json\/wp\/v2\/users\/1"}],"replies":[{"embeddable":true,"href":"https:\/\/www.himbarsum.com\/wp\/wp-json\/wp\/v2\/comments?post=14256"}],"version-history":[{"count":0,"href":"https:\/\/www.himbarsum.com\/wp\/wp-json\/wp\/v2\/pages\/14256\/revisions"}],"wp:attachment":[{"href":"https:\/\/www.himbarsum.com\/wp\/wp-json\/wp\/v2\/media?parent=14256"}],"curies":[{"name":"wp","href":"https:\/\/api.w.org\/{rel}","templated":true}]}}